{"id":11,"date":"2019-02-17T19:15:56","date_gmt":"2019-02-17T18:15:56","guid":{"rendered":"http:\/\/lapalettedejeux.fr\/?page_id=11"},"modified":"2020-07-30T18:41:58","modified_gmt":"2020-07-30T16:41:58","slug":"devis","status":"publish","type":"page","link":"https:\/\/lapalettedejeux.fr\/index.php\/devis\/","title":{"rendered":"Demande de devis"},"content":{"rendered":"\n<div class=\"wpcf7 no-js\" id=\"wpcf7-f186-o1\" lang=\"fr-FR\" dir=\"ltr\" data-wpcf7-id=\"186\">\n<div class=\"screen-reader-response\"><p role=\"status\" aria-live=\"polite\" aria-atomic=\"true\"><\/p> <ul><\/ul><\/div>\n<form action=\"\/index.php\/wp-json\/wp\/v2\/pages\/11#wpcf7-f186-o1\" method=\"post\" class=\"wpcf7-form init\" aria-label=\"Formulaire de contact\" novalidate=\"novalidate\" data-status=\"init\">\n<fieldset class=\"hidden-fields-container\"><input type=\"hidden\" name=\"_wpcf7\" value=\"186\" \/><input type=\"hidden\" name=\"_wpcf7_version\" value=\"6.1.5\" \/><input type=\"hidden\" name=\"_wpcf7_locale\" value=\"fr_FR\" \/><input type=\"hidden\" name=\"_wpcf7_unit_tag\" value=\"wpcf7-f186-o1\" \/><input type=\"hidden\" name=\"_wpcf7_container_post\" value=\"0\" \/><input type=\"hidden\" name=\"_wpcf7_posted_data_hash\" value=\"\" \/>\n<\/fieldset>\n<p><label> Votre nom et pr\u00e9nom (*)<br \/>\n<span class=\"wpcf7-form-control-wrap\" data-name=\"your-name\"><input size=\"40\" maxlength=\"400\" class=\"wpcf7-form-control wpcf7-text wpcf7-validates-as-required\" aria-required=\"true\" aria-invalid=\"false\" value=\"\" type=\"text\" name=\"your-name\" \/><\/span> <\/label>\n<\/p>\n<p><label> Votre adresse de messagerie (*)<br \/>\n<span class=\"wpcf7-form-control-wrap\" data-name=\"your-email\"><input size=\"40\" maxlength=\"400\" class=\"wpcf7-form-control wpcf7-email wpcf7-validates-as-required wpcf7-text wpcf7-validates-as-email\" aria-required=\"true\" aria-invalid=\"false\" value=\"\" type=\"email\" name=\"your-email\" \/><\/span> <\/label>\n<\/p>\n<p><label> Votre num\u00e9ro de t\u00e9l\u00e9phone<br \/>\n<span class=\"wpcf7-form-control-wrap\" data-name=\"text-999\"><input size=\"40\" maxlength=\"400\" class=\"wpcf7-form-control wpcf7-text\" aria-invalid=\"false\" value=\"\" type=\"text\" name=\"text-999\" \/><\/span> <\/label>\n<\/p>\n<p><label> Soci\u00e9t\u00e9, association ...<br \/>\n<span class=\"wpcf7-form-control-wrap\" data-name=\"text-731\"><input size=\"40\" maxlength=\"400\" class=\"wpcf7-form-control wpcf7-text\" aria-invalid=\"false\" value=\"\" type=\"text\" name=\"text-731\" \/><\/span> <\/label>\n<\/p>\n<p><label> Pour quel \u00e9v\u00e8nement ?<br \/>\n<span class=\"wpcf7-form-control-wrap\" data-name=\"text-265\"><input size=\"40\" maxlength=\"400\" class=\"wpcf7-form-control wpcf7-text\" aria-invalid=\"false\" value=\"\" type=\"text\" name=\"text-265\" \/><\/span> <\/label>\n<\/p>\n<p><label> Date de l'\u00e9v\u00e8nement<br \/>\n<span class=\"wpcf7-form-control-wrap\" data-name=\"text-620\"><input size=\"40\" maxlength=\"400\" class=\"wpcf7-form-control wpcf7-text\" aria-invalid=\"false\" value=\"\" type=\"text\" name=\"text-620\" \/><\/span> <\/label>\n<\/p>\n<p><label> Lieu et horaires de l'\u00e9v\u00e8nement (Adresse exacte)<br \/>\n<span class=\"wpcf7-form-control-wrap\" data-name=\"text-266\"><input size=\"40\" maxlength=\"400\" class=\"wpcf7-form-control wpcf7-text\" aria-invalid=\"false\" value=\"\" type=\"text\" name=\"text-266\" \/><\/span> <\/label>\n<\/p>\n<p><label> Nombre de jeux souhait\u00e9s<br \/>\n<span class=\"wpcf7-form-control-wrap\" data-name=\"text-267\"><input size=\"40\" maxlength=\"400\" class=\"wpcf7-form-control wpcf7-text\" aria-invalid=\"false\" value=\"\" type=\"text\" name=\"text-267\" \/><\/span> <\/label>\n<\/p>\n<p><label> Int\u00e9rieur ou ext\u00e9rieur ?<br \/>\n<span class=\"wpcf7-form-control-wrap\" data-name=\"checkbox-312\"><span class=\"wpcf7-form-control wpcf7-checkbox wpcf7-exclusive-checkbox\"><span class=\"wpcf7-list-item first\"><input type=\"checkbox\" name=\"checkbox-312\" value=\"Uniquement ext\u00e9rieur\" \/><span class=\"wpcf7-list-item-label\">Uniquement ext\u00e9rieur<\/span><\/span><span class=\"wpcf7-list-item\"><input type=\"checkbox\" name=\"checkbox-312\" value=\"Uniquement int\u00e9rieur\" \/><span class=\"wpcf7-list-item-label\">Uniquement int\u00e9rieur<\/span><\/span><span class=\"wpcf7-list-item last\"><input type=\"checkbox\" name=\"checkbox-312\" value=\"Ext\u00e9rieur avec int\u00e9rieur possible en cas de pluie\" \/><span class=\"wpcf7-list-item-label\">Ext\u00e9rieur avec int\u00e9rieur possible en cas de pluie<\/span><\/span><\/span><\/span> <\/label>\n<\/p>\n<p><label> Quelle formule?<br \/>\n<span class=\"wpcf7-form-control-wrap\" data-name=\"checkbox-521\"><span class=\"wpcf7-form-control wpcf7-checkbox wpcf7-exclusive-checkbox\"><span class=\"wpcf7-list-item first\"><input type=\"checkbox\" name=\"checkbox-521\" value=\"Location\" \/><span class=\"wpcf7-list-item-label\">Location<\/span><\/span><span class=\"wpcf7-list-item last\"><input type=\"checkbox\" name=\"checkbox-521\" value=\"Prestation &quot;Cl\u00e9 en main&quot; (minimum 15 jeux)\" \/><span class=\"wpcf7-list-item-label\">Prestation &quot;Cl\u00e9 en main&quot; (minimum 15 jeux)<\/span><\/span><\/span><\/span> <\/label>\n<\/p>\n<p><label> Autres questions ou compl\u00e9ment d'information<br \/>\n<span class=\"wpcf7-form-control-wrap\" data-name=\"your-message\"><textarea cols=\"40\" rows=\"10\" maxlength=\"2000\" class=\"wpcf7-form-control wpcf7-textarea\" aria-invalid=\"false\" name=\"your-message\"><\/textarea><\/span> <\/label>\n<\/p>\n<p><input class=\"wpcf7-form-control wpcf7-submit has-spinner\" type=\"submit\" value=\"Envoyer\" \/>\n<\/p><div class=\"wpcf7-response-output\" aria-hidden=\"true\"><\/div>\n<\/form>\n<\/div>\n\n","protected":false},"excerpt":{"rendered":"","protected":false},"author":1,"featured_media":0,"parent":0,"menu_order":5,"comment_status":"closed","ping_status":"closed","template":"","meta":{"two_page_speed":[],"footnotes":""},"class_list":["post-11","page","type-page","status-publish","hentry"],"_links":{"self":[{"href":"https:\/\/lapalettedejeux.fr\/index.php\/wp-json\/wp\/v2\/pages\/11","targetHints":{"allow":["GET"]}}],"collection":[{"href":"https:\/\/lapalettedejeux.fr\/index.php\/wp-json\/wp\/v2\/pages"}],"about":[{"href":"https:\/\/lapalettedejeux.fr\/index.php\/wp-json\/wp\/v2\/types\/page"}],"author":[{"embeddable":true,"href":"https:\/\/lapalettedejeux.fr\/index.php\/wp-json\/wp\/v2\/users\/1"}],"replies":[{"embeddable":true,"href":"https:\/\/lapalettedejeux.fr\/index.php\/wp-json\/wp\/v2\/comments?post=11"}],"version-history":[{"count":4,"href":"https:\/\/lapalettedejeux.fr\/index.php\/wp-json\/wp\/v2\/pages\/11\/revisions"}],"predecessor-version":[{"id":189,"href":"https:\/\/lapalettedejeux.fr\/index.php\/wp-json\/wp\/v2\/pages\/11\/revisions\/189"}],"wp:attachment":[{"href":"https:\/\/lapalettedejeux.fr\/index.php\/wp-json\/wp\/v2\/media?parent=11"}],"curies":[{"name":"wp","href":"https:\/\/api.w.org\/{rel}","templated":true}]}}