{"id":2,"date":"2019-01-30T17:53:20","date_gmt":"2019-01-30T16:53:20","guid":{"rendered":"http:\/\/lapalettedejeux.fr\/?page_id=2"},"modified":"2022-07-27T12:45:04","modified_gmt":"2022-07-27T10:45:04","slug":"location-grands-jeux-en-bois","status":"publish","type":"page","link":"https:\/\/lapalettedejeux.fr\/","title":{"rendered":"Location Jeux en bois"},"content":{"rendered":"<div class=\"wrapperbox\">\n<div class=\"wrapper-main\">\n<div class=\"container_12\">\n<div class=\"grid_12\">\n<div class=\"main\">\n<div class=\"container_12\">\n<div class=\"grid_12\">\n<div>\n<div class=\"single-article\">\n<div class=\"gk-article-single\">\n<p>Faites une pause ludique et partagez des moments de convivialit\u00e9, d&rsquo;\u00e9changes, de bonne humeur, de fous rires, de plaisir, de d\u00e9tente, de complicit\u00e9, de comp\u00e9tition, de rencontres&#8230;<\/p>\n<h3><strong><a href=\"https:\/\/lapalettedejeux.fr\/index.php\/catalogue-page\/\">Cliquez ici pour voir notre catalogue de jeux en location.<\/a><\/strong><\/h3>\n<h3>Pour animer vos \u00e9v\u00e9nements :<\/h3>\n<ul>\n<li>En famille ou entre amis : mariage, communion, bapt\u00eame, anniversaire, r\u00e9union de famille &#8230;<\/li>\n<li>Pour les collectivit\u00e9s : centre de loisirs, f\u00eate d&rsquo;\u00e9cole, f\u00eate de quartier, maison de retraite, m\u00e9diath\u00e8que &#8230;<\/li>\n<li>Pour les entreprises ou associations : F\u00eate de comit\u00e9 d\u2019entreprise, f\u00eate de fin d&rsquo;ann\u00e9e, journ\u00e9e d\u2019int\u00e9gration, portes ouverte, s\u00e9minaire, inauguration &#8230;<\/li>\n<li>Pour les manifestations grand public : F\u00eate de ville, festival, manifestation sportive ou caritative &#8230;<\/li>\n<\/ul>\n<h3>Deux formules :<\/h3>\n<ul>\n<li><strong>Location :<\/strong> Les jeux peuvent \u00eatre lou\u00e9s pour une journ\u00e9e ou un week-end. Les\u00a0 r\u00e8gles des jeux et les supports sont fournis. Dans le cas de la location, le transport des jeux est \u00e0 la charge du locataire.<\/li>\n<\/ul>\n<ul>\n<li><strong>Prestation \u00ab\u00a0cl\u00e9 en main\u00a0\u00bb<\/strong> <strong>: <\/strong>Minimum 15 jeux. Uniquement pour les manifestations grand public. Nous assurons la prestation dans son int\u00e9gralit\u00e9 : transport, montage, d\u00e9montage du mat\u00e9riel, supports et tables fournis. Le r\u00f4le de la personne qui reste sur place est de surveiller les jeux, transmettre les r\u00e8gles et inviter \u00e0 jouer. En aucun cas elle n&rsquo;a la responsabilit\u00e9 des mineurs venant jouer.<\/li>\n<\/ul>\n<p>Il n&rsquo;y a plus qu&rsquo;a jouer !!!<\/p>\n<h4 style=\"text-align: center;\">Pour faire de vos journ\u00e9es ou soir\u00e9es festives un moment m\u00e9morable pour vous et vos invit\u00e9s&#8230;<\/h4>\n<h4 style=\"text-align: center;\">N\u2019h\u00e9sitez plus :<\/h4>\n<h4 style=\"text-align: center;\">Invitez le jeu \u00e0 la f\u00eate !<\/h4>\n<\/div>\n<\/div>\n<\/div>\n<\/div>\n<\/div>\n<\/div>\n<\/div>\n<\/div>\n<\/div>\n<\/div>\n","protected":false},"excerpt":{"rendered":"<p>Faites une pause ludique et partagez des moments de convivialit\u00e9, d&rsquo;\u00e9changes, de bonne humeur, de fous rires, de plaisir, de&hellip;<\/p>\n","protected":false},"author":1,"featured_media":0,"parent":0,"menu_order":1,"comment_status":"closed","ping_status":"open","template":"","meta":{"two_page_speed":{"previous_score":{"desktop_score":96,"desktop_tti":"0.9\u00a0","mobile_score":77,"mobile_tti":"3.2\u00a0","date":"18.09.2023 07:06:21 pm","status":"completed"}},"footnotes":""},"class_list":["post-2","page","type-page","status-publish","hentry"],"_links":{"self":[{"href":"https:\/\/lapalettedejeux.fr\/index.php\/wp-json\/wp\/v2\/pages\/2","targetHints":{"allow":["GET"]}}],"collection":[{"href":"https:\/\/lapalettedejeux.fr\/index.php\/wp-json\/wp\/v2\/pages"}],"about":[{"href":"https:\/\/lapalettedejeux.fr\/index.php\/wp-json\/wp\/v2\/types\/page"}],"author":[{"embeddable":true,"href":"https:\/\/lapalettedejeux.fr\/index.php\/wp-json\/wp\/v2\/users\/1"}],"replies":[{"embeddable":true,"href":"https:\/\/lapalettedejeux.fr\/index.php\/wp-json\/wp\/v2\/comments?post=2"}],"version-history":[{"count":30,"href":"https:\/\/lapalettedejeux.fr\/index.php\/wp-json\/wp\/v2\/pages\/2\/revisions"}],"predecessor-version":[{"id":331,"href":"https:\/\/lapalettedejeux.fr\/index.php\/wp-json\/wp\/v2\/pages\/2\/revisions\/331"}],"wp:attachment":[{"href":"https:\/\/lapalettedejeux.fr\/index.php\/wp-json\/wp\/v2\/media?parent=2"}],"curies":[{"name":"wp","href":"https:\/\/api.w.org\/{rel}","templated":true}]}}