{"id":230,"date":"2020-03-05T17:45:23","date_gmt":"2020-03-05T16:45:23","guid":{"rendered":"http:\/\/lapalettedejeux.fr\/?page_id=230"},"modified":"2022-05-05T17:57:02","modified_gmt":"2022-05-05T15:57:02","slug":"tarifs","status":"publish","type":"page","link":"https:\/\/lapalettedejeux.fr\/index.php\/tarifs\/","title":{"rendered":"Tarifs"},"content":{"rendered":"<h1><!--StartFragment--><\/h1>\n\n\n<p>Merci de vous r\u00e9f\u00e9rer aux \u00e9toiles not\u00e9es sous chaque jeux dans l&rsquo;onglet catalogue.  Prise et retour des jeux sur Versailles. <\/p>\n\n\n\n<figure class=\"wp-block-table alignwide\"><table><tbody><tr><td>&nbsp;<\/td><td><strong>Classification<\/strong><\/td><td><strong>Journ\u00e9e<\/strong><\/td><td><strong>Week-end<\/strong><\/td><\/tr><tr><td><strong>Moyen jeu<\/strong><\/td><td><strong>*<\/strong><\/td><td>10 \u20ac<\/td><td>15 \u20ac<\/td><\/tr><tr><td><strong>Grand jeu<\/strong><\/td><td><strong>**<\/strong><\/td><td>20 \u20ac<\/td><td>30 \u20ac<\/td><\/tr><tr><td><strong>Maxi jeu<\/strong><\/td><td><strong>***<\/strong><\/td><td>30 \u20ac<\/td><td>45 \u20ac<\/td><\/tr><tr><td><strong>Lot 5 jeux de table<\/strong><\/td><td><strong>*****<\/strong><\/td><td>50 \u20ac<\/td><td>75 \u20ac<\/td><\/tr><\/tbody><\/table><\/figure>\n\n\n\n<p>Pour toute demande particuli\u00e8re ou prestation \u00ab\u00a0cl\u00e9 en main\u00a0\u00bb merci de remplir le formulaire de devis.  <\/p>\n\n\n<p><!--EndFragment--><\/p>","protected":false},"excerpt":{"rendered":"<p>Merci de vous r\u00e9f\u00e9rer aux \u00e9toiles not\u00e9es sous chaque jeux dans l&rsquo;onglet catalogue. Prise et retour des jeux sur Versailles.&hellip;<\/p>\n","protected":false},"author":1,"featured_media":0,"parent":0,"menu_order":4,"comment_status":"closed","ping_status":"closed","template":"","meta":{"two_page_speed":[],"footnotes":""},"class_list":["post-230","page","type-page","status-publish","hentry"],"_links":{"self":[{"href":"https:\/\/lapalettedejeux.fr\/index.php\/wp-json\/wp\/v2\/pages\/230","targetHints":{"allow":["GET"]}}],"collection":[{"href":"https:\/\/lapalettedejeux.fr\/index.php\/wp-json\/wp\/v2\/pages"}],"about":[{"href":"https:\/\/lapalettedejeux.fr\/index.php\/wp-json\/wp\/v2\/types\/page"}],"author":[{"embeddable":true,"href":"https:\/\/lapalettedejeux.fr\/index.php\/wp-json\/wp\/v2\/users\/1"}],"replies":[{"embeddable":true,"href":"https:\/\/lapalettedejeux.fr\/index.php\/wp-json\/wp\/v2\/comments?post=230"}],"version-history":[{"count":17,"href":"https:\/\/lapalettedejeux.fr\/index.php\/wp-json\/wp\/v2\/pages\/230\/revisions"}],"predecessor-version":[{"id":303,"href":"https:\/\/lapalettedejeux.fr\/index.php\/wp-json\/wp\/v2\/pages\/230\/revisions\/303"}],"wp:attachment":[{"href":"https:\/\/lapalettedejeux.fr\/index.php\/wp-json\/wp\/v2\/media?parent=230"}],"curies":[{"name":"wp","href":"https:\/\/api.w.org\/{rel}","templated":true}]}}